{"id":83,"date":"2019-07-17T08:57:00","date_gmt":"2019-07-17T08:57:00","guid":{"rendered":"https:\/\/aqua.ciuhct.org\/?page_id=83"},"modified":"2019-11-22T14:44:29","modified_gmt":"2019-11-22T14:44:29","slug":"sponsors","status":"publish","type":"page","link":"https:\/\/aqua-antigo.ciuhct.org\/?page_id=83","title":{"rendered":"Sponsors"},"content":{"rendered":"\n<p> Funda\u00e7\u00e3o para a Ci\u00eancia e a Tecnologia (PTDC\/HAR-HIS\/28627\/2017)<\/p>\n\n\n\n<p><\/p>\n\n\n\n<p> <img loading=\"lazy\" width=\"821\" height=\"322\" class=\"wp-image-93\" style=\"width: 150px;\" src=\"https:\/\/aqua.ciuhct.org\/wp-content\/uploads\/2019\/07\/logoFct.jpg\" alt=\"\" srcset=\"https:\/\/aqua-antigo.ciuhct.org\/wp-content\/uploads\/2019\/07\/logoFct.jpg 821w, https:\/\/aqua-antigo.ciuhct.org\/wp-content\/uploads\/2019\/07\/logoFct-300x118.jpg 300w, https:\/\/aqua-antigo.ciuhct.org\/wp-content\/uploads\/2019\/07\/logoFct-768x301.jpg 768w\" sizes=\"(max-width: 821px) 100vw, 821px\" \/><\/p>\n","protected":false},"excerpt":{"rendered":"<p>Funda\u00e7\u00e3o para a Ci\u00eancia e a Tecnologia (PTDC\/HAR-HIS\/28627\/2017)<\/p>\n","protected":false},"author":1,"featured_media":0,"parent":0,"menu_order":7,"comment_status":"closed","ping_status":"closed","template":"","meta":[],"_links":{"self":[{"href":"https:\/\/aqua-antigo.ciuhct.org\/index.php?rest_route=\/wp\/v2\/pages\/83"}],"collection":[{"href":"https:\/\/aqua-antigo.ciuhct.org\/index.php?rest_route=\/wp\/v2\/pages"}],"about":[{"href":"https:\/\/aqua-antigo.ciuhct.org\/index.php?rest_route=\/wp\/v2\/types\/page"}],"author":[{"embeddable":true,"href":"https:\/\/aqua-antigo.ciuhct.org\/index.php?rest_route=\/wp\/v2\/users\/1"}],"replies":[{"embeddable":true,"href":"https:\/\/aqua-antigo.ciuhct.org\/index.php?rest_route=%2Fwp%2Fv2%2Fcomments&post=83"}],"version-history":[{"count":3,"href":"https:\/\/aqua-antigo.ciuhct.org\/index.php?rest_route=\/wp\/v2\/pages\/83\/revisions"}],"predecessor-version":[{"id":94,"href":"https:\/\/aqua-antigo.ciuhct.org\/index.php?rest_route=\/wp\/v2\/pages\/83\/revisions\/94"}],"wp:attachment":[{"href":"https:\/\/aqua-antigo.ciuhct.org\/index.php?rest_route=%2Fwp%2Fv2%2Fmedia&parent=83"}],"curies":[{"name":"wp","href":"https:\/\/api.w.org\/{rel}","templated":true}]}}